{"id":32,"date":"2023-03-28T22:15:28","date_gmt":"2023-03-28T20:15:28","guid":{"rendered":"https:\/\/zsconseils.com\/?page_id=32"},"modified":"2023-09-18T13:30:31","modified_gmt":"2023-09-18T11:30:31","slug":"32-2-or-en-pepites-marketing-3-0","status":"publish","type":"page","link":"https:\/\/zsconseils.com\/?page_id=32","title":{"rendered":""},"content":{"rendered":"\n<div class=\"wp-block-uagb-container uagb-block-2b479de9 alignfull uagb-is-root-container\"><div class=\"uagb-container-inner-blocks-wrap\">\n<div class=\"wp-block-uagb-container uagb-block-6b81b97b\">\n<div class=\"wp-block-uagb-info-box uagb-block-832c2cb6 uagb-infobox__content-wrap  uagb-infobox-icon-above-title uagb-infobox-image-valign-top\"><div class=\"uagb-ifb-content\"><div class=\"uagb-ifb-title-wrap\"><h2 class=\"uagb-ifb-title\"> D\u00e9veloppement et Technologie de l&rsquo;information <\/h2><\/div><p class=\"uagb-ifb-desc\"><a href=\"https:\/\/www.linkedin.com\/company\/z-s-conseils\" target=\"_blank\" rel=\"noreferrer noopener\">Or en p\u00e9pites<\/a><\/p><\/div><\/div>\n<\/div>\n\n\n\n<div class=\"wp-block-uagb-container uagb-block-da6fa3bc\">\n<div class=\"wp-block-uagb-container uagb-block-ce261ef1\">\n<div class=\"wp-block-uagb-info-box uagb-block-1888355b uagb-infobox__content-wrap  uagb-infobox-icon-above-title uagb-infobox-image-valign-top\"><div class=\"uagb-ifb-content\"><div class=\"uagb-ifb-image-content\"><img decoding=\"async\" src=\"http:\/\/zsconseils.com\/wp-content\/uploads\/2023\/03\/service-thumb-1.jpg\" alt=\"\" width=\"150\" height=\"150\" loading=\"lazy\"\/><\/div><div class=\"uagb-ifb-title-wrap\"><h4 class=\"uagb-ifb-title\"><a href=\"https:\/\/www.linkedin.com\/in\/nadinelacle\" target=\"_blank\" rel=\"noreferrer noopener\">Etudes <\/a>&amp; d\u00e9veloppement<br><\/h4><\/div><p class=\"uagb-ifb-desc\">Nous proposons des \u00e9tudes exploratoires adapt\u00e9es \u00e0 vos <a href=\"https:\/\/zsconseils.com\/?page_id=48\" target=\"_blank\" rel=\"noreferrer noopener\">besoins<\/a> et \u00e0 votre politique de d\u00e9veloppement<\/p><\/div><\/div>\n<\/div>\n\n\n\n<div class=\"wp-block-uagb-container uagb-block-329ba441\">\n<div class=\"wp-block-uagb-info-box uagb-block-c0d3e4e1 uagb-infobox__content-wrap  uagb-infobox-icon-above-title uagb-infobox-image-valign-top\"><div class=\"uagb-ifb-content\"><div class=\"uagb-ifb-image-content\"><img decoding=\"async\" src=\"http:\/\/zsconseils.com\/wp-content\/uploads\/2023\/03\/service-thumb-3.jpg\" alt=\"\" width=\"150\" height=\"150\" loading=\"lazy\"\/><\/div><div class=\"uagb-ifb-title-wrap\"><h4 class=\"uagb-ifb-title\"><a href=\"https:\/\/www.linkedin.com\/company\/z-s-conseils\" target=\"_blank\" rel=\"noreferrer noopener\">Informations <\/a>&amp; technologie<\/h4><\/div><p class=\"uagb-ifb-desc\">Nous mettons \u00e0 disposition de nos clients notre application mobile <strong>\u00ab&nbsp;or en p\u00e9pites&nbsp;\u00bb <\/strong>d\u00e9di\u00e9e \u00e0&nbsp; la <a href=\"https:\/\/zsconseils.com\/?page_id=44\" target=\"_blank\" rel=\"noreferrer noopener\">veille d\u2019informations<\/a>   <br>sur des concepts novateurs ainsi que leurs   applicabilit\u00e9s.&nbsp;&nbsp;&nbsp;&nbsp;&nbsp;&nbsp;&nbsp;&nbsp;&nbsp;&nbsp;&nbsp;&nbsp;&nbsp;&nbsp;&nbsp;&nbsp;&nbsp;&nbsp;<\/p><\/div><\/div>\n<\/div>\n\n\n\n<div class=\"wp-block-uagb-container uagb-block-e80b34ec\">\n<div class=\"wp-block-uagb-info-box uagb-block-1cdf5d5d uagb-infobox__content-wrap  uagb-infobox-icon-above-title uagb-infobox-image-valign-top\"><div class=\"uagb-ifb-content\"><div class=\"uagb-ifb-image-content\"><img decoding=\"async\" src=\"http:\/\/zsconseils.com\/wp-content\/uploads\/2023\/03\/service-thumb-2.jpg\" alt=\"\" width=\"150\" height=\"150\" loading=\"lazy\"\/><\/div><div class=\"uagb-ifb-title-wrap\"><h4 class=\"uagb-ifb-title\"><a href=\"https:\/\/www.linkedin.com\/company\/z-s-conseils\" target=\"_blank\" rel=\"noreferrer noopener\"><strong>Talents <\/strong><\/a>&amp; performance         durable<\/h4><\/div><p class=\"uagb-ifb-desc\">Nous d\u00e9nichons pour chaque client une p\u00e9pite,&nbsp; pour&nbsp; r\u00e9aliser le travail et nous le soumettons ensuite \u00e0 un expert qualit\u00e9 sp\u00e9cialiste du domaine d\u2019activit\u00e9 pour validation.&nbsp;<\/p><\/div><\/div>\n<\/div>\n<\/div>\n<\/div><\/div>\n","protected":false},"excerpt":{"rendered":"","protected":false},"author":1,"featured_media":0,"parent":0,"menu_order":0,"comment_status":"closed","ping_status":"closed","template":"","meta":{"_uag_custom_page_level_css":"","site-sidebar-layout":"default","site-content-layout":"","ast-site-content-layout":"default","site-content-style":"default","site-sidebar-style":"default","ast-global-header-display":"","ast-banner-title-visibility":"","ast-main-header-display":"","ast-hfb-above-header-display":"","ast-hfb-below-header-display":"","ast-hfb-mobile-header-display":"","site-post-title":"","ast-breadcrumbs-content":"","ast-featured-img":"","footer-sml-layout":"","theme-transparent-header-meta":"","adv-header-id-meta":"","stick-header-meta":"","header-above-stick-meta":"","header-main-stick-meta":"","header-below-stick-meta":"","astra-migrate-meta-layouts":"default","ast-page-background-enabled":"default","ast-page-background-meta":{"desktop":{"background-color":"var(--ast-global-color-4)","background-image":"","background-repeat":"repeat","background-position":"center center","background-size":"auto","background-attachment":"scroll","background-type":"","background-media":"","overlay-type":"","overlay-color":"","overlay-opacity":"","overlay-gradient":""},"tablet":{"background-color":"","background-image":"","background-repeat":"repeat","background-position":"center center","background-size":"auto","background-attachment":"scroll","background-type":"","background-media":"","overlay-type":"","overlay-color":"","overlay-opacity":"","overlay-gradient":""},"mobile":{"background-color":"","background-image":"","background-repeat":"repeat","background-position":"center center","background-size":"auto","background-attachment":"scroll","background-type":"","background-media":"","overlay-type":"","overlay-color":"","overlay-opacity":"","overlay-gradient":""}},"ast-content-background-meta":{"desktop":{"background-color":"var(--ast-global-color-5)","background-image":"","background-repeat":"repeat","background-position":"center center","background-size":"auto","background-attachment":"scroll","background-type":"","background-media":"","overlay-type":"","overlay-color":"","overlay-opacity":"","overlay-gradient":""},"tablet":{"background-color":"var(--ast-global-color-5)","background-image":"","background-repeat":"repeat","background-position":"center center","background-size":"auto","background-attachment":"scroll","background-type":"","background-media":"","overlay-type":"","overlay-color":"","overlay-opacity":"","overlay-gradient":""},"mobile":{"background-color":"var(--ast-global-color-5)","background-image":"","background-repeat":"repeat","background-position":"center center","background-size":"auto","background-attachment":"scroll","background-type":"","background-media":"","overlay-type":"","overlay-color":"","overlay-opacity":"","overlay-gradient":""}},"footnotes":""},"class_list":["post-32","page","type-page","status-publish","hentry"],"yoast_head":"<!-- This site is optimized with the Yoast SEO plugin v26.2 - https:\/\/yoast.com\/wordpress\/plugins\/seo\/ -->\n<title>- zsconseils.com<\/title>\n<meta name=\"description\" content=\"% expertises marketing 3.0 activit\u00e9s marketing - \u00e9tudes - informations - talents - or en p\u00e9pites - marketing 3.0\" \/>\n<meta name=\"robots\" content=\"index, follow, max-snippet:-1, max-image-preview:large, max-video-preview:-1\" \/>\n<link rel=\"canonical\" href=\"https:\/\/zsconseils.com\/?page_id=32\" \/>\n<meta property=\"og:locale\" content=\"fr_FR\" \/>\n<meta property=\"og:type\" content=\"article\" \/>\n<meta property=\"og:title\" content=\"zsconseils.com or en pepites sciences sociales - vulgarisation - simplification\" \/>\n<meta property=\"og:description\" content=\"flux de documentaires - ressources videos- films - culture scientifique\" \/>\n<meta property=\"og:url\" content=\"https:\/\/zsconseils.com\/?page_id=32\" \/>\n<meta property=\"og:site_name\" content=\"zsconseils.com\" \/>\n<meta property=\"article:publisher\" content=\"https:\/\/www.facebook.com\/people\/Or-en-ppites\/100087043427154\/\" \/>\n<meta property=\"article:modified_time\" content=\"2023-09-18T11:30:31+00:00\" \/>\n<meta property=\"og:image\" content=\"http:\/\/zsconseils.com\/wp-content\/uploads\/2023\/03\/LogoZ_s-4.jpeg\" \/>\n\t<meta property=\"og:image:width\" content=\"2339\" \/>\n\t<meta property=\"og:image:height\" content=\"1654\" \/>\n\t<meta property=\"og:image:type\" content=\"image\/jpeg\" \/>\n<meta name=\"twitter:card\" content=\"summary_large_image\" \/>\n<meta name=\"twitter:label1\" content=\"Dur\u00e9e de lecture estim\u00e9e\" \/>\n\t<meta name=\"twitter:data1\" content=\"2 minutes\" \/>\n<script type=\"application\/ld+json\" class=\"yoast-schema-graph\">{\"@context\":\"https:\/\/schema.org\",\"@graph\":[{\"@type\":\"WebPage\",\"@id\":\"https:\/\/zsconseils.com\/?page_id=32\",\"url\":\"https:\/\/zsconseils.com\/?page_id=32\",\"name\":\"- zsconseils.com\",\"isPartOf\":{\"@id\":\"https:\/\/zsconseils.com\/#website\"},\"primaryImageOfPage\":{\"@id\":\"https:\/\/zsconseils.com\/?page_id=32#primaryimage\"},\"image\":{\"@id\":\"https:\/\/zsconseils.com\/?page_id=32#primaryimage\"},\"thumbnailUrl\":\"http:\/\/zsconseils.com\/wp-content\/uploads\/2023\/03\/service-thumb-1.jpg\",\"datePublished\":\"2023-03-28T20:15:28+00:00\",\"dateModified\":\"2023-09-18T11:30:31+00:00\",\"description\":\"% expertises marketing 3.0 activit\u00e9s marketing - \u00e9tudes - informations - talents - or en p\u00e9pites - marketing 3.0\",\"inLanguage\":\"fr-FR\",\"potentialAction\":[{\"@type\":\"ReadAction\",\"target\":[\"https:\/\/zsconseils.com\/?page_id=32\"]}]},{\"@type\":\"ImageObject\",\"inLanguage\":\"fr-FR\",\"@id\":\"https:\/\/zsconseils.com\/?page_id=32#primaryimage\",\"url\":\"http:\/\/zsconseils.com\/wp-content\/uploads\/2023\/03\/service-thumb-1.jpg\",\"contentUrl\":\"http:\/\/zsconseils.com\/wp-content\/uploads\/2023\/03\/service-thumb-1.jpg\"},{\"@type\":\"WebSite\",\"@id\":\"https:\/\/zsconseils.com\/#website\",\"url\":\"https:\/\/zsconseils.com\/\",\"name\":\"zsconseils.com\",\"description\":\"\",\"publisher\":{\"@id\":\"https:\/\/zsconseils.com\/#organization\"},\"potentialAction\":[{\"@type\":\"SearchAction\",\"target\":{\"@type\":\"EntryPoint\",\"urlTemplate\":\"https:\/\/zsconseils.com\/?s={search_term_string}\"},\"query-input\":{\"@type\":\"PropertyValueSpecification\",\"valueRequired\":true,\"valueName\":\"search_term_string\"}}],\"inLanguage\":\"fr-FR\"},{\"@type\":\"Organization\",\"@id\":\"https:\/\/zsconseils.com\/#organization\",\"name\":\"zsconseils\u00b0\u00b0\u00b0\u00b0\u00b0\u00b0\u00b0\",\"url\":\"https:\/\/zsconseils.com\/\",\"logo\":{\"@type\":\"ImageObject\",\"inLanguage\":\"fr-FR\",\"@id\":\"https:\/\/zsconseils.com\/#\/schema\/logo\/image\/\",\"url\":\"https:\/\/zsconseils.com\/wp-content\/uploads\/2023\/03\/cropped-LogoZ_s-3.jpeg\",\"contentUrl\":\"https:\/\/zsconseils.com\/wp-content\/uploads\/2023\/03\/cropped-LogoZ_s-3.jpeg\",\"width\":512,\"height\":512,\"caption\":\"zsconseils\u00b0\u00b0\u00b0\u00b0\u00b0\u00b0\u00b0\"},\"image\":{\"@id\":\"https:\/\/zsconseils.com\/#\/schema\/logo\/image\/\"},\"sameAs\":[\"https:\/\/www.facebook.com\/people\/Or-en-ppites\/100087043427154\/\",\"https:\/\/www.linkedin.com\/company\/z-s-conseils\/\"]}]}<\/script>\n<!-- \/ Yoast SEO plugin. -->","yoast_head_json":{"title":"- zsconseils.com","description":"% expertises marketing 3.0 activit\u00e9s marketing - \u00e9tudes - informations - talents - or en p\u00e9pites - marketing 3.0","robots":{"index":"index","follow":"follow","max-snippet":"max-snippet:-1","max-image-preview":"max-image-preview:large","max-video-preview":"max-video-preview:-1"},"canonical":"https:\/\/zsconseils.com\/?page_id=32","og_locale":"fr_FR","og_type":"article","og_title":"zsconseils.com or en pepites sciences sociales - vulgarisation - simplification","og_description":"flux de documentaires - ressources videos- films - culture scientifique","og_url":"https:\/\/zsconseils.com\/?page_id=32","og_site_name":"zsconseils.com","article_publisher":"https:\/\/www.facebook.com\/people\/Or-en-ppites\/100087043427154\/","article_modified_time":"2023-09-18T11:30:31+00:00","og_image":[{"width":2339,"height":1654,"url":"http:\/\/zsconseils.com\/wp-content\/uploads\/2023\/03\/LogoZ_s-4.jpeg","type":"image\/jpeg"}],"twitter_card":"summary_large_image","twitter_misc":{"Dur\u00e9e de lecture estim\u00e9e":"2 minutes"},"schema":{"@context":"https:\/\/schema.org","@graph":[{"@type":"WebPage","@id":"https:\/\/zsconseils.com\/?page_id=32","url":"https:\/\/zsconseils.com\/?page_id=32","name":"- zsconseils.com","isPartOf":{"@id":"https:\/\/zsconseils.com\/#website"},"primaryImageOfPage":{"@id":"https:\/\/zsconseils.com\/?page_id=32#primaryimage"},"image":{"@id":"https:\/\/zsconseils.com\/?page_id=32#primaryimage"},"thumbnailUrl":"http:\/\/zsconseils.com\/wp-content\/uploads\/2023\/03\/service-thumb-1.jpg","datePublished":"2023-03-28T20:15:28+00:00","dateModified":"2023-09-18T11:30:31+00:00","description":"% expertises marketing 3.0 activit\u00e9s marketing - \u00e9tudes - informations - talents - or en p\u00e9pites - marketing 3.0","inLanguage":"fr-FR","potentialAction":[{"@type":"ReadAction","target":["https:\/\/zsconseils.com\/?page_id=32"]}]},{"@type":"ImageObject","inLanguage":"fr-FR","@id":"https:\/\/zsconseils.com\/?page_id=32#primaryimage","url":"http:\/\/zsconseils.com\/wp-content\/uploads\/2023\/03\/service-thumb-1.jpg","contentUrl":"http:\/\/zsconseils.com\/wp-content\/uploads\/2023\/03\/service-thumb-1.jpg"},{"@type":"WebSite","@id":"https:\/\/zsconseils.com\/#website","url":"https:\/\/zsconseils.com\/","name":"zsconseils.com","description":"","publisher":{"@id":"https:\/\/zsconseils.com\/#organization"},"potentialAction":[{"@type":"SearchAction","target":{"@type":"EntryPoint","urlTemplate":"https:\/\/zsconseils.com\/?s={search_term_string}"},"query-input":{"@type":"PropertyValueSpecification","valueRequired":true,"valueName":"search_term_string"}}],"inLanguage":"fr-FR"},{"@type":"Organization","@id":"https:\/\/zsconseils.com\/#organization","name":"zsconseils\u00b0\u00b0\u00b0\u00b0\u00b0\u00b0\u00b0","url":"https:\/\/zsconseils.com\/","logo":{"@type":"ImageObject","inLanguage":"fr-FR","@id":"https:\/\/zsconseils.com\/#\/schema\/logo\/image\/","url":"https:\/\/zsconseils.com\/wp-content\/uploads\/2023\/03\/cropped-LogoZ_s-3.jpeg","contentUrl":"https:\/\/zsconseils.com\/wp-content\/uploads\/2023\/03\/cropped-LogoZ_s-3.jpeg","width":512,"height":512,"caption":"zsconseils\u00b0\u00b0\u00b0\u00b0\u00b0\u00b0\u00b0"},"image":{"@id":"https:\/\/zsconseils.com\/#\/schema\/logo\/image\/"},"sameAs":["https:\/\/www.facebook.com\/people\/Or-en-ppites\/100087043427154\/","https:\/\/www.linkedin.com\/company\/z-s-conseils\/"]}]}},"uagb_featured_image_src":{"full":false,"thumbnail":false,"medium":false,"medium_large":false,"large":false,"1536x1536":false,"2048x2048":false},"uagb_author_info":{"display_name":"Adjele Essi Nadine Lacle","author_link":"https:\/\/zsconseils.com\/?author=1"},"uagb_comment_info":0,"uagb_excerpt":null,"_links":{"self":[{"href":"https:\/\/zsconseils.com\/index.php?rest_route=\/wp\/v2\/pages\/32","targetHints":{"allow":["GET"]}}],"collection":[{"href":"https:\/\/zsconseils.com\/index.php?rest_route=\/wp\/v2\/pages"}],"about":[{"href":"https:\/\/zsconseils.com\/index.php?rest_route=\/wp\/v2\/types\/page"}],"author":[{"embeddable":true,"href":"https:\/\/zsconseils.com\/index.php?rest_route=\/wp\/v2\/users\/1"}],"replies":[{"embeddable":true,"href":"https:\/\/zsconseils.com\/index.php?rest_route=%2Fwp%2Fv2%2Fcomments&post=32"}],"version-history":[{"count":18,"href":"https:\/\/zsconseils.com\/index.php?rest_route=\/wp\/v2\/pages\/32\/revisions"}],"predecessor-version":[{"id":244,"href":"https:\/\/zsconseils.com\/index.php?rest_route=\/wp\/v2\/pages\/32\/revisions\/244"}],"wp:attachment":[{"href":"https:\/\/zsconseils.com\/index.php?rest_route=%2Fwp%2Fv2%2Fmedia&parent=32"}],"curies":[{"name":"wp","href":"https:\/\/api.w.org\/{rel}","templated":true}]}}