{"id":3,"date":"2023-03-28T17:59:23","date_gmt":"2023-03-28T15:59:23","guid":{"rendered":"http:\/\/zsconseils.com\/?page_id=3"},"modified":"2024-07-11T17:07:55","modified_gmt":"2024-07-11T15:07:55","slug":"politique-de-confidentialite","status":"publish","type":"page","link":"https:\/\/zsconseils.com\/?page_id=3","title":{"rendered":""},"content":{"rendered":"\n<h2 class=\"wp-block-heading\"><\/h2>\n\n\n\n<p><\/p>\n\n\n\n<p class=\"has-small-font-size\"><strong class=\"privacy-policy-tutorial\"> <\/strong><\/p>\n\n\n\n<p class=\"has-small-font-size\"><\/p>\n\n\n\n<h5 class=\"wp-block-heading\">L\u2019adresse de notre site est&nbsp;: http:\/\/zsconseils.com \/ http:\/\/zsconseils.fr<\/h5>\n\n\n\n<p class=\"has-small-font-size\"><\/p>\n\n\n\n<p class=\"has-small-font-size\"><\/p>\n\n\n\n<p class=\"has-small-font-size\">Si vous vous rendez sur la page de connexion, un cookie temporaire sera cr\u00e9\u00e9 afin de d\u00e9terminer si votre navigateur accepte les cookies. Il ne contient pas de donn\u00e9es personnelles et sera supprim\u00e9 automatiquement \u00e0 la fermeture de votre navigateur.<\/p>\n\n\n\n<p class=\"has-small-font-size\">Lorsque vous vous connecterez, nous mettrons en place un certain nombre de cookies pour enregistrer vos informations de connexion et vos pr\u00e9f\u00e9rences d\u2019\u00e9cran. La dur\u00e9e de vie d\u2019un cookie de connexion est de deux jours, celle d\u2019un cookie d\u2019option d\u2019\u00e9cran est d\u2019un an. Si vous cochez \u00ab&nbsp;Se souvenir de moi&nbsp;\u00bb, votre cookie de connexion sera conserv\u00e9 pendant deux semaines. Si vous vous d\u00e9connectez de votre compte, le cookie de connexion sera effac\u00e9.<\/p>\n\n\n\n<p class=\"has-small-font-size\"><\/p>\n\n\n\n<p class=\"has-small-font-size\">Les articles de ce site peuvent inclure des contenus int\u00e9gr\u00e9s (par exemple des vid\u00e9os, images, articles\u2026). Le contenu int\u00e9gr\u00e9 depuis d\u2019autres sites se comporte de la m\u00eame mani\u00e8re que si le visiteur se rendait sur cet autre site.<\/p>\n\n\n\n<p class=\"has-small-font-size\">Ces sites web pourraient collecter des donn\u00e9es sur vous, utiliser des cookies, embarquer des outils de suivis tiers, suivre vos interactions avec ces contenus embarqu\u00e9s si vous disposez d\u2019un compte connect\u00e9 sur leur site web.<\/p>\n\n\n\n<h2 class=\"wp-block-heading\"><\/h2>\n\n\n\n<p class=\"has-small-font-size\"><\/p>\n\n\n\n<h2 class=\"wp-block-heading\"><\/h2>\n\n\n\n<p class=\"has-small-font-size\"><\/p>\n\n\n\n<p class=\"has-small-font-size\">Pour les comptes qui s\u2019inscrivent sur notre site (le cas \u00e9ch\u00e9ant), nous stockons \u00e9galement les donn\u00e9es personnelles indiqu\u00e9es dans leur profil. Tous les comptes peuvent voir, modifier ou supprimer leurs informations personnelles \u00e0 tout moment (\u00e0 l\u2019exception de leur identifiant). Les gestionnaires du site peuvent aussi voir et modifier ces informations<\/p>\n\n\n\n<p class=\"has-small-font-size\"><\/p>\n\n\n\n<h2 class=\"wp-block-heading\"><\/h2>\n\n\n\n<p class=\"has-small-font-size\">Les commentaires des visiteurs peuvent \u00eatre v\u00e9rifi\u00e9s \u00e0 l\u2019aide d\u2019un service automatis\u00e9 de d\u00e9tection des commentaires ind\u00e9sirables.<\/p>\n","protected":false},"excerpt":{"rendered":"<p>L\u2019adresse de notre site est&nbsp;: http:\/\/zsconseils.com \/ http:\/\/zsconseils.fr Si vous vous rendez sur la page de connexion, un cookie temporaire sera cr\u00e9\u00e9 afin de d\u00e9terminer si votre navigateur accepte les cookies. Il ne contient pas de donn\u00e9es personnelles et sera supprim\u00e9 automatiquement \u00e0 la fermeture de votre navigateur. Lorsque vous vous connecterez, nous mettrons en [&hellip;]<\/p>\n","protected":false},"author":1,"featured_media":0,"parent":0,"menu_order":0,"comment_status":"closed","ping_status":"open","template":"","meta":{"_uag_custom_page_level_css":"","site-sidebar-layout":"default","site-content-layout":"","ast-site-content-layout":"default","site-content-style":"default","site-sidebar-style":"default","ast-global-header-display":"","ast-banner-title-visibility":"","ast-main-header-display":"","ast-hfb-above-header-display":"","ast-hfb-below-header-display":"","ast-hfb-mobile-header-display":"","site-post-title":"","ast-breadcrumbs-content":"","ast-featured-img":"","footer-sml-layout":"","theme-transparent-header-meta":"","adv-header-id-meta":"","stick-header-meta":"","header-above-stick-meta":"","header-main-stick-meta":"","header-below-stick-meta":"","astra-migrate-meta-layouts":"default","ast-page-background-enabled":"default","ast-page-background-meta":{"desktop":{"background-color":"var(--ast-global-color-4)","background-image":"","background-repeat":"repeat","background-position":"center center","background-size":"auto","background-attachment":"scroll","background-type":"","background-media":"","overlay-type":"","overlay-color":"","overlay-opacity":"","overlay-gradient":""},"tablet":{"background-color":"","background-image":"","background-repeat":"repeat","background-position":"center center","background-size":"auto","background-attachment":"scroll","background-type":"","background-media":"","overlay-type":"","overlay-color":"","overlay-opacity":"","overlay-gradient":""},"mobile":{"background-color":"","background-image":"","background-repeat":"repeat","background-position":"center center","background-size":"auto","background-attachment":"scroll","background-type":"","background-media":"","overlay-type":"","overlay-color":"","overlay-opacity":"","overlay-gradient":""}},"ast-content-background-meta":{"desktop":{"background-color":"var(--ast-global-color-5)","background-image":"","background-repeat":"repeat","background-position":"center center","background-size":"auto","background-attachment":"scroll","background-type":"","background-media":"","overlay-type":"","overlay-color":"","overlay-opacity":"","overlay-gradient":""},"tablet":{"background-color":"var(--ast-global-color-5)","background-image":"","background-repeat":"repeat","background-position":"center center","background-size":"auto","background-attachment":"scroll","background-type":"","background-media":"","overlay-type":"","overlay-color":"","overlay-opacity":"","overlay-gradient":""},"mobile":{"background-color":"var(--ast-global-color-5)","background-image":"","background-repeat":"repeat","background-position":"center center","background-size":"auto","background-attachment":"scroll","background-type":"","background-media":"","overlay-type":"","overlay-color":"","overlay-opacity":"","overlay-gradient":""}},"footnotes":""},"class_list":["post-3","page","type-page","status-publish","hentry"],"yoast_head":"<!-- This site is optimized with the Yoast SEO plugin v26.2 - https:\/\/yoast.com\/wordpress\/plugins\/seo\/ -->\n<title>- zsconseils.com<\/title>\n<meta name=\"description\" content=\"zsconseils.com politique de confidentialit\u00e9 l&#039;excellence est un comportement sciences sociales - zs conseils - information - intelligence\" \/>\n<meta name=\"robots\" content=\"index, follow, max-snippet:-1, max-image-preview:large, max-video-preview:-1\" \/>\n<link rel=\"canonical\" href=\"https:\/\/zsconseils.com\/?page_id=3\" \/>\n<meta property=\"og:locale\" content=\"fr_FR\" \/>\n<meta property=\"og:type\" content=\"article\" \/>\n<meta property=\"og:title\" content=\"- zsconseils.com\" \/>\n<meta property=\"og:description\" content=\"zsconseils.com politique de confidentialit\u00e9 l&#039;excellence est un comportement sciences sociales - zs conseils - information - intelligence\" \/>\n<meta property=\"og:url\" content=\"https:\/\/zsconseils.com\/?page_id=3\" \/>\n<meta property=\"og:site_name\" content=\"zsconseils.com\" \/>\n<meta property=\"article:publisher\" content=\"https:\/\/www.facebook.com\/people\/Or-en-ppites\/100087043427154\/\" \/>\n<meta property=\"article:modified_time\" content=\"2024-07-11T15:07:55+00:00\" \/>\n<meta name=\"twitter:card\" content=\"summary_large_image\" \/>\n<meta name=\"twitter:label1\" content=\"Dur\u00e9e de lecture estim\u00e9e\" \/>\n\t<meta name=\"twitter:data1\" content=\"2 minutes\" \/>\n<script type=\"application\/ld+json\" class=\"yoast-schema-graph\">{\"@context\":\"https:\/\/schema.org\",\"@graph\":[{\"@type\":\"WebPage\",\"@id\":\"https:\/\/zsconseils.com\/?page_id=3\",\"url\":\"https:\/\/zsconseils.com\/?page_id=3\",\"name\":\"- zsconseils.com\",\"isPartOf\":{\"@id\":\"https:\/\/zsconseils.com\/#website\"},\"datePublished\":\"2023-03-28T15:59:23+00:00\",\"dateModified\":\"2024-07-11T15:07:55+00:00\",\"description\":\"zsconseils.com politique de confidentialit\u00e9 l'excellence est un comportement sciences sociales - zs conseils - information - intelligence\",\"inLanguage\":\"fr-FR\",\"potentialAction\":[{\"@type\":\"ReadAction\",\"target\":[\"https:\/\/zsconseils.com\/?page_id=3\"]}]},{\"@type\":\"WebSite\",\"@id\":\"https:\/\/zsconseils.com\/#website\",\"url\":\"https:\/\/zsconseils.com\/\",\"name\":\"zsconseils.com\",\"description\":\"\",\"publisher\":{\"@id\":\"https:\/\/zsconseils.com\/#organization\"},\"potentialAction\":[{\"@type\":\"SearchAction\",\"target\":{\"@type\":\"EntryPoint\",\"urlTemplate\":\"https:\/\/zsconseils.com\/?s={search_term_string}\"},\"query-input\":{\"@type\":\"PropertyValueSpecification\",\"valueRequired\":true,\"valueName\":\"search_term_string\"}}],\"inLanguage\":\"fr-FR\"},{\"@type\":\"Organization\",\"@id\":\"https:\/\/zsconseils.com\/#organization\",\"name\":\"zsconseils\u00b0\u00b0\u00b0\u00b0\u00b0\u00b0\u00b0\",\"url\":\"https:\/\/zsconseils.com\/\",\"logo\":{\"@type\":\"ImageObject\",\"inLanguage\":\"fr-FR\",\"@id\":\"https:\/\/zsconseils.com\/#\/schema\/logo\/image\/\",\"url\":\"https:\/\/zsconseils.com\/wp-content\/uploads\/2023\/03\/cropped-LogoZ_s-3.jpeg\",\"contentUrl\":\"https:\/\/zsconseils.com\/wp-content\/uploads\/2023\/03\/cropped-LogoZ_s-3.jpeg\",\"width\":512,\"height\":512,\"caption\":\"zsconseils\u00b0\u00b0\u00b0\u00b0\u00b0\u00b0\u00b0\"},\"image\":{\"@id\":\"https:\/\/zsconseils.com\/#\/schema\/logo\/image\/\"},\"sameAs\":[\"https:\/\/www.facebook.com\/people\/Or-en-ppites\/100087043427154\/\",\"https:\/\/www.linkedin.com\/company\/z-s-conseils\/\"]}]}<\/script>\n<!-- \/ Yoast SEO plugin. -->","yoast_head_json":{"title":"- zsconseils.com","description":"zsconseils.com politique de confidentialit\u00e9 l'excellence est un comportement sciences sociales - zs conseils - information - intelligence","robots":{"index":"index","follow":"follow","max-snippet":"max-snippet:-1","max-image-preview":"max-image-preview:large","max-video-preview":"max-video-preview:-1"},"canonical":"https:\/\/zsconseils.com\/?page_id=3","og_locale":"fr_FR","og_type":"article","og_title":"- zsconseils.com","og_description":"zsconseils.com politique de confidentialit\u00e9 l'excellence est un comportement sciences sociales - zs conseils - information - intelligence","og_url":"https:\/\/zsconseils.com\/?page_id=3","og_site_name":"zsconseils.com","article_publisher":"https:\/\/www.facebook.com\/people\/Or-en-ppites\/100087043427154\/","article_modified_time":"2024-07-11T15:07:55+00:00","twitter_card":"summary_large_image","twitter_misc":{"Dur\u00e9e de lecture estim\u00e9e":"2 minutes"},"schema":{"@context":"https:\/\/schema.org","@graph":[{"@type":"WebPage","@id":"https:\/\/zsconseils.com\/?page_id=3","url":"https:\/\/zsconseils.com\/?page_id=3","name":"- zsconseils.com","isPartOf":{"@id":"https:\/\/zsconseils.com\/#website"},"datePublished":"2023-03-28T15:59:23+00:00","dateModified":"2024-07-11T15:07:55+00:00","description":"zsconseils.com politique de confidentialit\u00e9 l'excellence est un comportement sciences sociales - zs conseils - information - intelligence","inLanguage":"fr-FR","potentialAction":[{"@type":"ReadAction","target":["https:\/\/zsconseils.com\/?page_id=3"]}]},{"@type":"WebSite","@id":"https:\/\/zsconseils.com\/#website","url":"https:\/\/zsconseils.com\/","name":"zsconseils.com","description":"","publisher":{"@id":"https:\/\/zsconseils.com\/#organization"},"potentialAction":[{"@type":"SearchAction","target":{"@type":"EntryPoint","urlTemplate":"https:\/\/zsconseils.com\/?s={search_term_string}"},"query-input":{"@type":"PropertyValueSpecification","valueRequired":true,"valueName":"search_term_string"}}],"inLanguage":"fr-FR"},{"@type":"Organization","@id":"https:\/\/zsconseils.com\/#organization","name":"zsconseils\u00b0\u00b0\u00b0\u00b0\u00b0\u00b0\u00b0","url":"https:\/\/zsconseils.com\/","logo":{"@type":"ImageObject","inLanguage":"fr-FR","@id":"https:\/\/zsconseils.com\/#\/schema\/logo\/image\/","url":"https:\/\/zsconseils.com\/wp-content\/uploads\/2023\/03\/cropped-LogoZ_s-3.jpeg","contentUrl":"https:\/\/zsconseils.com\/wp-content\/uploads\/2023\/03\/cropped-LogoZ_s-3.jpeg","width":512,"height":512,"caption":"zsconseils\u00b0\u00b0\u00b0\u00b0\u00b0\u00b0\u00b0"},"image":{"@id":"https:\/\/zsconseils.com\/#\/schema\/logo\/image\/"},"sameAs":["https:\/\/www.facebook.com\/people\/Or-en-ppites\/100087043427154\/","https:\/\/www.linkedin.com\/company\/z-s-conseils\/"]}]}},"uagb_featured_image_src":{"full":false,"thumbnail":false,"medium":false,"medium_large":false,"large":false,"1536x1536":false,"2048x2048":false},"uagb_author_info":{"display_name":"Adjele Essi Nadine Lacle","author_link":"https:\/\/zsconseils.com\/?author=1"},"uagb_comment_info":0,"uagb_excerpt":"L\u2019adresse de notre site est&nbsp;: http:\/\/zsconseils.com \/ http:\/\/zsconseils.fr Si vous vous rendez sur la page de connexion, un cookie temporaire sera cr\u00e9\u00e9 afin de d\u00e9terminer si votre navigateur accepte les cookies. Il ne contient pas de donn\u00e9es personnelles et sera supprim\u00e9 automatiquement \u00e0 la fermeture de votre navigateur. Lorsque vous vous connecterez, nous mettrons en\u2026","_links":{"self":[{"href":"https:\/\/zsconseils.com\/index.php?rest_route=\/wp\/v2\/pages\/3","targetHints":{"allow":["GET"]}}],"collection":[{"href":"https:\/\/zsconseils.com\/index.php?rest_route=\/wp\/v2\/pages"}],"about":[{"href":"https:\/\/zsconseils.com\/index.php?rest_route=\/wp\/v2\/types\/page"}],"author":[{"embeddable":true,"href":"https:\/\/zsconseils.com\/index.php?rest_route=\/wp\/v2\/users\/1"}],"replies":[{"embeddable":true,"href":"https:\/\/zsconseils.com\/index.php?rest_route=%2Fwp%2Fv2%2Fcomments&post=3"}],"version-history":[{"count":10,"href":"https:\/\/zsconseils.com\/index.php?rest_route=\/wp\/v2\/pages\/3\/revisions"}],"predecessor-version":[{"id":436,"href":"https:\/\/zsconseils.com\/index.php?rest_route=\/wp\/v2\/pages\/3\/revisions\/436"}],"wp:attachment":[{"href":"https:\/\/zsconseils.com\/index.php?rest_route=%2Fwp%2Fv2%2Fmedia&parent=3"}],"curies":[{"name":"wp","href":"https:\/\/api.w.org\/{rel}","templated":true}]}}